{"id":837,"date":"2019-03-23T13:44:46","date_gmt":"2019-03-23T12:44:46","guid":{"rendered":"https:\/\/ftcnckft.hu\/?page_id=837"},"modified":"2024-07-16T20:21:10","modified_gmt":"2024-07-16T19:21:10","slug":"impressum","status":"publish","type":"page","link":"https:\/\/ftcnckft.hu\/de\/impressum\/","title":{"rendered":"Impressum"},"content":{"rendered":"<p>[et_pb_section fb_built=&#8220;1&#8243; custom_padding_last_edited=&#8220;on|phone&#8220; admin_label=&#8220;Section &#8211; About header&#8220; _builder_version=&#8220;4.24.0&#8243; background_color=&#8220;rgba(16,25,35,0.07)&#8220; parallax=&#8220;on&#8220; parallax_method=&#8220;off&#8220; custom_padding=&#8220;7px||173px||false|false&#8220; custom_padding_tablet=&#8220;100px||100px|&#8220; custom_padding_phone=&#8220;75px||75px|&#8220; global_colors_info=&#8220;{}&#8220;][et_pb_row _builder_version=&#8220;4.16&#8243; background_size=&#8220;initial&#8220; background_position=&#8220;top_left&#8220; background_repeat=&#8220;repeat&#8220; global_colors_info=&#8220;{}&#8220;][et_pb_column type=&#8220;4_4&#8243; _builder_version=&#8220;4.16&#8243; custom_padding=&#8220;|||&#8220; global_colors_info=&#8220;{}&#8220; custom_padding__hover=&#8220;|||&#8220;][et_pb_text admin_label=&#8220;About Page Top Header &#8211; Text&#8220; _builder_version=&#8220;4.24.0&#8243; text_font=&#8220;|300|||||||&#8220; text_font_size=&#8220;20px&#8220; header_font=&#8220;|700||on|||||&#8220; header_text_color=&#8220;#055674&#8243; header_font_size=&#8220;60px&#8220; text_orientation=&#8220;center&#8220; module_alignment=&#8220;center&#8220; custom_margin=&#8220;25px||||false|false&#8220; text_font_size_tablet=&#8220;19px&#8220; text_font_size_phone=&#8220;17px&#8220; text_font_size_last_edited=&#8220;on|phone&#8220; header_font_size_tablet=&#8220;50px&#8220; header_font_size_phone=&#8220;35px&#8220; header_font_size_last_edited=&#8220;on|tablet&#8220; global_colors_info=&#8220;{}&#8220;]<\/p>\n<h1>Impressum<\/h1>\n<p>[\/et_pb_text][\/et_pb_column][\/et_pb_row][\/et_pb_section][et_pb_section fb_built=&#8220;1&#8243; custom_padding_last_edited=&#8220;on|desktop&#8220; admin_label=&#8220;Section &#8211; About content&#8220; _builder_version=&#8220;4.16&#8243; custom_padding=&#8220;0px||10px|&#8220; custom_padding_tablet=&#8220;50px|||&#8220; custom_padding_phone=&#8220;&#8220; global_colors_info=&#8220;{}&#8220;][et_pb_row use_custom_gutter=&#8220;on&#8220; gutter_width=&#8220;1&#8243; make_equal=&#8220;on&#8220; module_class=&#8220;about-page-content&#8220; _builder_version=&#8220;4.24.0&#8243; custom_margin_tablet=&#8220;&#8220; custom_margin_phone=&#8220;&#8220; custom_margin_last_edited=&#8220;on|desktop&#8220; custom_padding=&#8220;0px|||&#8220; global_colors_info=&#8220;{}&#8220;][et_pb_column type=&#8220;4_4&#8243; _builder_version=&#8220;4.16&#8243; background_color=&#8220;#ffffff&#8220; custom_padding=&#8220;75px|50px|30px|50px&#8220; custom_padding_tablet=&#8220;30px|0px|0px|0px&#8220; custom_padding_phone=&#8220;30px|0px|0px|0px&#8220; custom_padding_last_edited=&#8220;on|desktop&#8220; global_colors_info=&#8220;{}&#8220; custom_padding__hover=&#8220;|||&#8220;][et_pb_text _builder_version=&#8220;4.24.0&#8243; text_font_size=&#8220;16px&#8220; global_colors_info=&#8220;{}&#8220;]<\/p>\n<p><strong>1) Der Datenverwalter, der f\u00fcr den Inhalt der Website oder Social-Media-Schnittstelle verantwortlich ist, die unter der Internetadresse, die Sie ansehen, verf\u00fcgbar ist \u2013 im Folgenden gemeinsam: Website \u2013 und der Eigent\u00fcmer der Domain und Website:<\/strong><\/p>\n<p><strong>FT CNC Produkt Gesellschaft mit beschr\u00e4nkter Haftung<\/strong><\/p>\n<p>9096 Nyalka, Kossuth L. u. 2\/D.<br \/>Ass.: 32036648-2-08<\/p>\n<p>Im Register des Gesellschaftsgerichts des Gerichts Gy\u0151r.<\/p>\n<p><strong>2.) Die f\u00fcr die Datenverwaltung zust\u00e4ndige Beh\u00f6rde:<\/strong><\/p>\n<p><strong>Nationale Beh\u00f6rde f\u00fcr Datenschutz und Informationsfreiheit<\/strong><br \/>Hauptsitz: 1125 Budapest, Falk Miksa utca 9-11.<br \/>Postanschrift: 1363 Budapest, Pf. 9.<br \/>Telefon: +36 30 683 5969<br \/>Fax: +36 1 391 1410<br \/>E-Mail: ugyfelszolgalat@naih.hu<br \/>Website: http:\/\/www.naih.hu\/<\/p>\n<p>3.) Hosting-Anbieter:<\/p>\n<p><strong>KTS Online Kft<\/strong><br \/>Steuernummer: 29152106-2-08.<br \/>Firmenregistrierungsnummer: 08-09-032885<br \/>Im Register des Gesellschaftsgerichts des Gerichts Gy\u0151r.<br \/>Statistische Nummer: 29152106-6311-113-08.<br \/>Gemeinschaftssteuernummer: HU29152106.<\/p>\n<p>SZ\u00c9KHELY 9024 Gy\u0151r, Bart\u00f3k B\u00e9la utca 26\/B, Erdgeschoss 2.<br \/>TELEFON: +36-20\/316-2431<br \/>E-MAIL info@kts.hu<\/p>\n<p>SERVERRAUM: 1132 Budapest, Victor Hug\u00f3 utca 18-22.<\/p>\n<p>4.) Wenn der Nutzer (Verbraucher) seinen Wohnsitz in der Europ\u00e4ischen Union hat, kann er bez\u00fcglich seiner Beschwerde \u00fcber den Dienst das folgende Online-Streitbeilegungstool der Europ\u00e4ischen Kommission nutzen.<\/p>\n<p><strong>Die Online-Streitbeilegungsplattform der Europ\u00e4ischen Kommission<\/strong><br \/>Website: https:\/\/webgate.ec.europa.eu\/odr<\/p>\n<p>Diese internetbasierte Plattform wurde von der EU f\u00fcr Verbraucher geschaffen, die sich \u00fcber online gekaufte Produkte oder Dienstleistungen beschweren und einen neutralen Dritten (Schlichtungsstelle) mit der Bearbeitung der Beschwerde beauftragen m\u00f6chten.<\/p>\n<p>Weitere Informationen zur Online-Streitbeilegungsplattform und deren Nutzung sowie M\u00f6glichkeiten zur Streitbeilegung finden Sie auf der unter dem oben genannten Link aufrufbaren Website.<\/p>\n<p>[\/et_pb_text][\/et_pb_column][\/et_pb_row][\/et_pb_section][et_pb_section fb_built=&#8220;1&#8243; admin_label=&#8220;Contact Info&#8220; _builder_version=&#8220;4.24.0&#8243; background_enable_color=&#8220;off&#8220; background_image=&#8220;https:\/\/ftcnckft.hu\/wp-content\/uploads\/2024\/03\/FTCNC_20231230_154755.jpg&#8220; custom_padding=&#8220;0px||0||false|false&#8220; box_shadow_style=&#8220;preset7&#8243; box_shadow_horizontal=&#8220;0px&#8220; box_shadow_vertical=&#8220;100px&#8220; box_shadow_color=&#8220;#ffffff&#8220; global_module=&#8220;1049&#8243; locked=&#8220;off&#8220; global_colors_info=&#8220;{}&#8220;][et_pb_row column_structure=&#8220;1_2,1_2&#8243; padding_top_bottom_link_1=&#8220;true&#8220; padding_left_right_link_1=&#8220;true&#8220; _builder_version=&#8220;4.24.0&#8243; custom_padding=&#8220;33px||33px||true|false&#8220; animation_direction=&#8220;left&#8220; border_radii=&#8220;|10px|||10px&#8220; global_colors_info=&#8220;{}&#8220;][et_pb_column type=&#8220;1_2&#8243; _builder_version=&#8220;4.24.0&#8243; background_color=&#8220;#055674&#8243; background_color_gradient_direction=&#8220;190deg&#8220; background_color_gradient_start=&#8220;#3fa2f7&#8243; background_color_gradient_start_position=&#8220;85%&#8220; background_color_gradient_end=&#8220;rgba(255,255,255,0)&#8220; background_color_gradient_end_position=&#8220;0%&#8220; custom_padding=&#8220;80px|80px|80px|80px&#8220; custom_padding_tablet=&#8220;|10%||10%||true&#8220; custom_padding_phone=&#8220;&#8220; custom_padding_last_edited=&#8220;on|tablet&#8220; global_colors_info=&#8220;{}&#8220; custom_padding__hover=&#8220;|||&#8220;][et_pb_blurb title=&#8220;Unsere Adresse&#8220; image=&#8220;https:\/\/ftcnckft.hu\/wp-content\/uploads\/2024\/02\/egg-farm3-1.png&#8220; icon_placement=&#8220;left&#8220; _builder_version=&#8220;4.24.2&#8243; header_font=&#8220;Poppins|700|||||||&#8220; header_font_size=&#8220;20px&#8220; header_line_height=&#8220;1.2em&#8220; body_font=&#8220;Muli||||||||&#8220; body_font_size=&#8220;16px&#8220; body_line_height=&#8220;1.8em&#8220; background_layout=&#8220;dark&#8220; animation_direction=&#8220;left&#8220; global_colors_info=&#8220;{}&#8220;]<\/p>\n<p><span style=\"font-weight: 400;\">9096 Nyalka, Kossuth L. Stra\u00dfe 2\/D.<\/span><\/p>\n<p>[\/et_pb_blurb][et_pb_blurb title=&#8220;Telefonnummer&#8220; image=&#8220;https:\/\/ftcnckft.hu\/wp-content\/uploads\/2024\/02\/egg-farm3-2.png&#8220; icon_placement=&#8220;left&#8220; _builder_version=&#8220;4.24.3&#8243; header_font=&#8220;Poppins|700|||||||&#8220; header_font_size=&#8220;20px&#8220; header_line_height=&#8220;1.2em&#8220; body_font=&#8220;Muli||||||||&#8220; body_font_size=&#8220;16px&#8220; body_line_height=&#8220;1.8em&#8220; background_layout=&#8220;dark&#8220; custom_padding=&#8220;15px|||&#8220; animation_direction=&#8220;left&#8220; global_colors_info=&#8220;{}&#8220;]<a href=\"tel:+36203826880\" style=\"color: white;\">+36-20-382-6880<\/a>[\/et_pb_blurb][et_pb_blurb title=&#8220;Email&#8220; image=&#8220;https:\/\/ftcnckft.hu\/wp-content\/uploads\/2024\/02\/egg-farm3-3.png&#8220; icon_placement=&#8220;left&#8220; _builder_version=&#8220;4.24.0&#8243; header_font=&#8220;Poppins|700|||||||&#8220; header_font_size=&#8220;20px&#8220; header_line_height=&#8220;1.2em&#8220; body_font=&#8220;Muli||||||||&#8220; body_font_size=&#8220;16px&#8220; body_line_height=&#8220;1.8em&#8220; background_layout=&#8220;dark&#8220; custom_padding=&#8220;15px|||&#8220; animation_direction=&#8220;left&#8220; global_colors_info=&#8220;{}&#8220;]<a style=\"color: white;\" href=\"mailto: infoftcncprodukt@gmail.com\">infoftcncprodukt@gmail.com<\/a>[\/et_pb_blurb][et_pb_blurb title=&#8220;\u00d6ffnungszeiten&#8220; image=&#8220;https:\/\/ftcnckft.hu\/wp-content\/uploads\/2024\/02\/egg-farm3-4.png&#8220; icon_placement=&#8220;left&#8220; _builder_version=&#8220;4.24.0&#8243; header_font=&#8220;Poppins|700|||||||&#8220; header_font_size=&#8220;20px&#8220; header_line_height=&#8220;1.2em&#8220; body_font=&#8220;Muli||||||||&#8220; body_font_size=&#8220;16px&#8220; body_line_height=&#8220;1.8em&#8220; background_layout=&#8220;dark&#8220; custom_padding=&#8220;15px|||&#8220; animation_direction=&#8220;left&#8220; global_colors_info=&#8220;{}&#8220;]<\/p>\n<p>Montag: 8:00 &#8211; 18:00<br \/>Dienstag: 8:00 &#8211; 18:00<br \/>Mittwoch: 8:00 &#8211; 18:00<br \/>Donnerstag: 8:00 &#8211; 18:00<br \/>Freitag: 8:00 &#8211; 18:00<br \/>Samstag: geschlossen<br \/>Sonntag: geschlossen<\/p>\n<p>[\/et_pb_blurb][\/et_pb_column][et_pb_column type=&#8220;1_2&#8243; _builder_version=&#8220;4.16&#8243; custom_padding=&#8220;|||&#8220; custom_padding_tablet=&#8220;0px|||&#8220; custom_padding_phone=&#8220;&#8220; custom_padding_last_edited=&#8220;on|desktop&#8220; global_colors_info=&#8220;{}&#8220; custom_padding__hover=&#8220;|||&#8220;][\/et_pb_column][\/et_pb_row][\/et_pb_section]<\/p>\n","protected":false},"excerpt":{"rendered":"<p>Impressum1) Der Datenverwalter, der f\u00fcr den Inhalt der Website oder Social-Media-Schnittstelle verantwortlich ist, die unter der Internetadresse, die Sie ansehen, verf\u00fcgbar ist \u2013 im Folgenden gemeinsam: Website \u2013 und der Eigent\u00fcmer der Domain und Website: FT CNC Produkt Gesellschaft mit beschr\u00e4nkter Haftung 9096 Nyalka, Kossuth L. u. 2\/D.Ass.: 32036648-2-08 Im Register des Gesellschaftsgerichts des Gerichts [&hellip;]<\/p>\n","protected":false},"author":1,"featured_media":0,"parent":0,"menu_order":0,"comment_status":"closed","ping_status":"closed","template":"","meta":{"_acf_changed":false,"_et_pb_use_builder":"on","_et_pb_old_content":"","_et_gb_content_width":"","footnotes":""},"class_list":["post-837","page","type-page","status-publish","hentry"],"acf":[],"_links":{"self":[{"href":"https:\/\/ftcnckft.hu\/de\/wp-json\/wp\/v2\/pages\/837","targetHints":{"allow":["GET"]}}],"collection":[{"href":"https:\/\/ftcnckft.hu\/de\/wp-json\/wp\/v2\/pages"}],"about":[{"href":"https:\/\/ftcnckft.hu\/de\/wp-json\/wp\/v2\/types\/page"}],"author":[{"embeddable":true,"href":"https:\/\/ftcnckft.hu\/de\/wp-json\/wp\/v2\/users\/1"}],"replies":[{"embeddable":true,"href":"https:\/\/ftcnckft.hu\/de\/wp-json\/wp\/v2\/comments?post=837"}],"version-history":[{"count":7,"href":"https:\/\/ftcnckft.hu\/de\/wp-json\/wp\/v2\/pages\/837\/revisions"}],"predecessor-version":[{"id":1059,"href":"https:\/\/ftcnckft.hu\/de\/wp-json\/wp\/v2\/pages\/837\/revisions\/1059"}],"wp:attachment":[{"href":"https:\/\/ftcnckft.hu\/de\/wp-json\/wp\/v2\/media?parent=837"}],"curies":[{"name":"wp","href":"https:\/\/api.w.org\/{rel}","templated":true}]}}